{"id":4413,"date":"2021-10-14T22:46:42","date_gmt":"2021-10-14T20:46:42","guid":{"rendered":"https:\/\/rolunkszol.hu\/imprint\/"},"modified":"2021-10-14T22:46:42","modified_gmt":"2021-10-14T20:46:42","slug":"imprint","status":"publish","type":"page","link":"https:\/\/rolunkszol.hu\/en\/imprint\/","title":{"rendered":"Imprint"},"content":{"rendered":"<p>[et_pb_section fb_built=&#8221;1&#8243; _builder_version=&#8221;4.13.1&#8243; _module_preset=&#8221;default&#8221; global_colors_info=&#8221;{}&#8221;][et_pb_row _builder_version=&#8221;4.13.1&#8243; _module_preset=&#8221;default&#8221; global_colors_info=&#8221;{}&#8221;][et_pb_column type=&#8221;4_4&#8243; _builder_version=&#8221;4.13.1&#8243; _module_preset=&#8221;default&#8221; global_colors_info=&#8221;{}&#8221;][et_pb_text _builder_version=&#8221;4.13.1&#8243; _module_preset=&#8221;default&#8221; global_colors_info=&#8221;{}&#8221;]\n<table id=\"tablepress-1\" class=\"tablepress tablepress-id-1\">\n<thead>\n<tr class=\"row-1\">\n\t<th class=\"column-1\">C\u00e9gn\u00e9v\/ Company Name:<\/th><th class=\"column-2\">Bujdos\u00f3 Tibor ev<\/th>\n<\/tr>\n<\/thead>\n<tbody class=\"row-striping row-hover\">\n<tr class=\"row-2\">\n\t<td class=\"column-1\">Ad\u00f3sz\u00e1m\/ VAT number:<\/td><td class=\"column-2\">55627179-2-23<\/td>\n<\/tr>\n<tr class=\"row-3\">\n\t<td class=\"column-1\">Nyilv\u00e1ntart\u00e1si sz\u00e1m \/Registration number:<\/td><td class=\"column-2\">54336018<\/td>\n<\/tr>\n<tr class=\"row-4\">\n\t<td class=\"column-1\">Banksz\u00e1mlasz\u00e1m\/ Bank account number:<\/td><td class=\"column-2\">11732167-23327540<\/td>\n<\/tr>\n<tr class=\"row-5\">\n\t<td class=\"column-1\">Sz\u00e1mlavezet\u0151 bank\/ Accounting holding bank:<\/td><td class=\"column-2\">OTP Bank Nyrt.<\/td>\n<\/tr>\n<tr class=\"row-6\">\n\t<td class=\"column-1\">Kamara\/ Chamber of industry:<\/td><td class=\"column-2\">B\u00e1cs-Kiskun Megyei Kereskedelmi \u00e9s Iparkamara<\/td>\n<\/tr>\n<tr class=\"row-7\">\n\t<td class=\"column-1\">Sz\u00e9khely c\u00edm \/Registered office:<\/td><td class=\"column-2\">6050 Lajosmizse, Pet\u0151fi utca 14.<\/td>\n<\/tr>\n<tr class=\"row-8\">\n\t<td class=\"column-1\">E-mail:<\/td><td class=\"column-2\">info@rolunkszol.hu<\/td>\n<\/tr>\n<\/tbody>\n<\/table>\n<!-- #tablepress-1 from cache -->[\/et_pb_text][et_pb_text _builder_version=&#8221;4.13.1&#8243; _module_preset=&#8221;default&#8221; global_colors_info=&#8221;{}&#8221;]\n<table id=\"tablepress-2\" class=\"tablepress tablepress-id-2\">\n<thead>\n<tr class=\"row-1\">\n\t<th class=\"column-1\">T\u00e1rhelyszolg\u00e1ltat\u00f3 neve \/ Name of the webhosting provider:<\/th><th class=\"column-2\">T\u00e1rhely.EU Kft.<\/th>\n<\/tr>\n<\/thead>\n<tbody class=\"row-striping row-hover\">\n<tr class=\"row-2\">\n\t<td class=\"column-1\">T\u00e1rhelyszolg\u00e1ltat\u00f3 sz\u00e9khely \/ Registered office of the webhosting provider:<\/td><td class=\"column-2\">1144 Budapest Orm\u00e1ns\u00e1g u. 4.<\/td>\n<\/tr>\n<tr class=\"row-3\">\n\t<td class=\"column-1\">T\u00e1rhelyszolg\u00e1ltat\u00f3 e-mail c\u00edm \/ E-mail address of the webhosting provider:<\/td><td class=\"column-2\">support@tarhely.eu<\/td>\n<\/tr>\n<\/tbody>\n<\/table>\n<!-- #tablepress-2 from cache -->[\/et_pb_text][\/et_pb_column][\/et_pb_row][\/et_pb_section]<\/p>\n","protected":false},"excerpt":{"rendered":"<p>\n<table id=\"tablepress-1-no-2\" class=\"tablepress tablepress-id-1\">\n<thead>\n<tr class=\"row-1\">\n\t<th class=\"column-1\">C\u00e9gn\u00e9v\/ Company Name:<\/th><th class=\"column-2\">Bujdos\u00f3 Tibor ev<\/th>\n<\/tr>\n<\/thead>\n<tbody class=\"row-striping row-hover\">\n<tr class=\"row-2\">\n\t<td class=\"column-1\">Ad\u00f3sz\u00e1m\/ VAT number:<\/td><td class=\"column-2\">55627179-2-23<\/td>\n<\/tr>\n<tr class=\"row-3\">\n\t<td class=\"column-1\">Nyilv\u00e1ntart\u00e1si sz\u00e1m \/Registration number:<\/td><td class=\"column-2\">54336018<\/td>\n<\/tr>\n<tr class=\"row-4\">\n\t<td class=\"column-1\">Banksz\u00e1mlasz\u00e1m\/ Bank account number:<\/td><td class=\"column-2\">11732167-23327540<\/td>\n<\/tr>\n<tr class=\"row-5\">\n\t<td class=\"column-1\">Sz\u00e1mlavezet\u0151 bank\/ Accounting holding bank:<\/td><td class=\"column-2\">OTP Bank Nyrt.<\/td>\n<\/tr>\n<tr class=\"row-6\">\n\t<td class=\"column-1\">Kamara\/ Chamber of industry:<\/td><td class=\"column-2\">B\u00e1cs-Kiskun Megyei Kereskedelmi \u00e9s Iparkamara<\/td>\n<\/tr>\n<tr class=\"row-7\">\n\t<td class=\"column-1\">Sz\u00e9khely c\u00edm \/Registered office:<\/td><td class=\"column-2\">6050 Lajosmizse, Pet\u0151fi utca 14.<\/td>\n<\/tr>\n<tr class=\"row-8\">\n\t<td class=\"column-1\">E-mail:<\/td><td class=\"column-2\">info@rolunkszol.hu<\/td>\n<\/tr>\n<\/tbody>\n<\/table>\n\n<table id=\"tablepress-2-no-2\" class=\"tablepress tablepress-id-2\">\n<thead>\n<tr class=\"row-1\">\n\t<th class=\"column-1\">T\u00e1rhelyszolg\u00e1ltat\u00f3 neve \/ Name of the webhosting provider:<\/th><th class=\"column-2\">T\u00e1rhely.EU Kft.<\/th>\n<\/tr>\n<\/thead>\n<tbody class=\"row-striping row-hover\">\n<tr class=\"row-2\">\n\t<td class=\"column-1\">T\u00e1rhelyszolg\u00e1ltat\u00f3 sz\u00e9khely \/ Registered office of the webhosting provider:<\/td><td class=\"column-2\">1144 Budapest Orm\u00e1ns\u00e1g u. 4.<\/td>\n<\/tr>\n<tr class=\"row-3\">\n\t<td class=\"column-1\">T\u00e1rhelyszolg\u00e1ltat\u00f3 e-mail c\u00edm \/ E-mail address of the webhosting provider:<\/td><td class=\"column-2\">support@tarhely.eu<\/td>\n<\/tr>\n<\/tbody>\n<\/table>\n<\/p>\n","protected":false},"author":1,"featured_media":0,"parent":0,"menu_order":0,"comment_status":"closed","ping_status":"closed","template":"","meta":{"_et_pb_use_builder":"on","_et_pb_old_content":"","_et_gb_content_width":"","_exactmetrics_skip_tracking":false,"_exactmetrics_sitenote_active":false,"_exactmetrics_sitenote_note":"","_exactmetrics_sitenote_category":0,"footnotes":""},"class_list":["post-4413","page","type-page","status-publish","hentry"],"_links":{"self":[{"href":"https:\/\/rolunkszol.hu\/en\/wp-json\/wp\/v2\/pages\/4413","targetHints":{"allow":["GET"]}}],"collection":[{"href":"https:\/\/rolunkszol.hu\/en\/wp-json\/wp\/v2\/pages"}],"about":[{"href":"https:\/\/rolunkszol.hu\/en\/wp-json\/wp\/v2\/types\/page"}],"author":[{"embeddable":true,"href":"https:\/\/rolunkszol.hu\/en\/wp-json\/wp\/v2\/users\/1"}],"replies":[{"embeddable":true,"href":"https:\/\/rolunkszol.hu\/en\/wp-json\/wp\/v2\/comments?post=4413"}],"version-history":[{"count":0,"href":"https:\/\/rolunkszol.hu\/en\/wp-json\/wp\/v2\/pages\/4413\/revisions"}],"wp:attachment":[{"href":"https:\/\/rolunkszol.hu\/en\/wp-json\/wp\/v2\/media?parent=4413"}],"curies":[{"name":"wp","href":"https:\/\/api.w.org\/{rel}","templated":true}]}}